{"id":996203,"date":"2023-02-24T13:06:18","date_gmt":"2023-02-24T13:06:18","guid":{"rendered":"https:\/\/isfelevator.com\/product\/steel-ropes\/"},"modified":"2023-02-26T14:54:11","modified_gmt":"2023-02-26T14:54:11","slug":"stahlseile","status":"publish","type":"product","link":"https:\/\/isfelevator.com\/de\/product\/stahlseile\/","title":{"rendered":"Stahlseile"},"content":{"rendered":"<p><strong><span style=\"vertical-align: inherit;\">Stahlseile<\/span><\/strong><\/p>\n<p><strong><span style=\"vertical-align: inherit;\">Stahlseile<\/span><\/strong><span style=\"vertical-align: inherit;\"> \u2022Die Seilkonstruktion 8 x 19 von Seale und Wallington ist das weltweit gebr\u00e4uchlichste Tragseil f\u00fcr Fahrantriebe. \u20228-litzige Seile mit Naturfasereinlage sind die gebr\u00e4uchlichste L\u00f6sung f\u00fcr den Aufzug mit normalem Seilantrieb. \u2022Die Seilqualit\u00e4t dieser Seilkonstruktion h\u00e4ngt von der Qualit\u00e4t der Fasern und der daraus resultierenden Fasereinlage ab.<\/span><\/p>\n","protected":false},"excerpt":{"rendered":"<p><strong><span style=\"vertical-align: inherit;\">Stahlseile<\/span><\/strong><span style=\"vertical-align: inherit;\"> \u2022Die Seilkonstruktion 8 x 19 von Seale und Wallington ist das weltweit gebr\u00e4uchlichste Tragseil f\u00fcr Fahrantriebe. \u20228-litzige Seile mit Naturfasereinlage sind die gebr\u00e4uchlichste L\u00f6sung f\u00fcr den Aufzug mit normalem Seilantrieb. \u2022Die Seilqualit\u00e4t dieser Seilkonstruktion h\u00e4ngt von der Qualit\u00e4t der Fasern und der daraus resultierenden Fasereinlage ab.<\/span><\/p>\n","protected":false},"featured_media":993262,"comment_status":"open","ping_status":"closed","template":"","meta":[],"product_brand":[],"product_cat":[659,627],"product_tag":[],"class_list":{"0":"post-996203","1":"product","2":"type-product","3":"status-publish","4":"has-post-thumbnail","6":"product_cat-andere-komponenten","7":"product_cat-komponenten-hardware","9":"first","10":"instock","11":"shipping-taxable","12":"product-type-simple","13":"prodpage-style2"},"_links":{"self":[{"href":"https:\/\/isfelevator.com\/de\/wp-json\/wp\/v2\/product\/996203","targetHints":{"allow":["GET"]}}],"collection":[{"href":"https:\/\/isfelevator.com\/de\/wp-json\/wp\/v2\/product"}],"about":[{"href":"https:\/\/isfelevator.com\/de\/wp-json\/wp\/v2\/types\/product"}],"replies":[{"embeddable":true,"href":"https:\/\/isfelevator.com\/de\/wp-json\/wp\/v2\/comments?post=996203"}],"wp:featuredmedia":[{"embeddable":true,"href":"https:\/\/isfelevator.com\/de\/wp-json\/wp\/v2\/media\/993262"}],"wp:attachment":[{"href":"https:\/\/isfelevator.com\/de\/wp-json\/wp\/v2\/media?parent=996203"}],"wp:term":[{"taxonomy":"product_brand","embeddable":true,"href":"https:\/\/isfelevator.com\/de\/wp-json\/wp\/v2\/product_brand?post=996203"},{"taxonomy":"product_cat","embeddable":true,"href":"https:\/\/isfelevator.com\/de\/wp-json\/wp\/v2\/product_cat?post=996203"},{"taxonomy":"product_tag","embeddable":true,"href":"https:\/\/isfelevator.com\/de\/wp-json\/wp\/v2\/product_tag?post=996203"}],"curies":[{"name":"wp","href":"https:\/\/api.w.org\/{rel}","templated":true}]}}