{"id":996188,"date":"2023-02-24T13:06:18","date_gmt":"2023-02-24T13:06:18","guid":{"rendered":"https:\/\/isfelevator.com\/product\/elevator-guide-rails\/"},"modified":"2023-02-26T14:42:15","modified_gmt":"2023-02-26T14:42:15","slug":"fuehrungsschienen-fuer-elevatoren","status":"publish","type":"product","link":"https:\/\/isfelevator.com\/de\/product\/fuehrungsschienen-fuer-elevatoren\/","title":{"rendered":"F\u00fchrungsschienen f\u00fcr Elevatoren"},"content":{"rendered":"<p><strong>F\u00fchrungsschienen f\u00fcr Elevatoren<\/strong><\/p>\n<p>Alle Arten von Schienen f\u00fcr Wagen und Gegengewicht. Bearbeitete F\u00fchrungsschienen. Kaltgezogene Schienen.<\/p>\n","protected":false},"excerpt":{"rendered":"<p>Alle Arten von Schienen f\u00fcr Wagen und Gegengewicht. Bearbeitete F\u00fchrungsschienen. Kaltgezogene Schienen.<\/p>\n","protected":false},"featured_media":993238,"comment_status":"open","ping_status":"closed","template":"","meta":[],"product_brand":[],"product_cat":[659,627],"product_tag":[],"class_list":{"0":"post-996188","1":"product","2":"type-product","3":"status-publish","4":"has-post-thumbnail","6":"product_cat-andere-komponenten","7":"product_cat-komponenten-hardware","9":"first","10":"instock","11":"shipping-taxable","12":"product-type-simple","13":"prodpage-style2"},"_links":{"self":[{"href":"https:\/\/isfelevator.com\/de\/wp-json\/wp\/v2\/product\/996188","targetHints":{"allow":["GET"]}}],"collection":[{"href":"https:\/\/isfelevator.com\/de\/wp-json\/wp\/v2\/product"}],"about":[{"href":"https:\/\/isfelevator.com\/de\/wp-json\/wp\/v2\/types\/product"}],"replies":[{"embeddable":true,"href":"https:\/\/isfelevator.com\/de\/wp-json\/wp\/v2\/comments?post=996188"}],"wp:featuredmedia":[{"embeddable":true,"href":"https:\/\/isfelevator.com\/de\/wp-json\/wp\/v2\/media\/993238"}],"wp:attachment":[{"href":"https:\/\/isfelevator.com\/de\/wp-json\/wp\/v2\/media?parent=996188"}],"wp:term":[{"taxonomy":"product_brand","embeddable":true,"href":"https:\/\/isfelevator.com\/de\/wp-json\/wp\/v2\/product_brand?post=996188"},{"taxonomy":"product_cat","embeddable":true,"href":"https:\/\/isfelevator.com\/de\/wp-json\/wp\/v2\/product_cat?post=996188"},{"taxonomy":"product_tag","embeddable":true,"href":"https:\/\/isfelevator.com\/de\/wp-json\/wp\/v2\/product_tag?post=996188"}],"curies":[{"name":"wp","href":"https:\/\/api.w.org\/{rel}","templated":true}]}}