{"id":996135,"date":"2023-02-24T13:06:55","date_gmt":"2023-02-24T13:06:55","guid":{"rendered":"https:\/\/isfelevator.com\/product\/black-series-fixtures\/"},"modified":"2023-02-26T12:10:37","modified_gmt":"2023-02-26T12:10:37","slug":"schwarze-serie-armaturen","status":"publish","type":"product","link":"https:\/\/isfelevator.com\/de\/product\/schwarze-serie-armaturen\/","title":{"rendered":"Schwarze Serie Armaturen"},"content":{"rendered":"<p><strong>Schwarze Serie Armaturen<\/strong><\/p>\n","protected":false},"excerpt":{"rendered":"<p><strong>Die schwarzen Serien<\/strong> COP, LOP und LIP k\u00f6nnen mit allen Arten von Aufzugssystemen verwendet werden. Alle Produkttypen sind f\u00fcr die europ\u00e4ischen Normen geeignet.<\/p>\n","protected":false},"featured_media":993286,"comment_status":"open","ping_status":"closed","template":"","meta":[],"product_brand":[],"product_cat":[809],"product_tag":[],"class_list":{"0":"post-996135","1":"product","2":"type-product","3":"status-publish","4":"has-post-thumbnail","6":"product_cat-aufzugseinrichtungen","8":"first","9":"instock","10":"shipping-taxable","11":"product-type-simple","12":"prodpage-style2"},"_links":{"self":[{"href":"https:\/\/isfelevator.com\/de\/wp-json\/wp\/v2\/product\/996135","targetHints":{"allow":["GET"]}}],"collection":[{"href":"https:\/\/isfelevator.com\/de\/wp-json\/wp\/v2\/product"}],"about":[{"href":"https:\/\/isfelevator.com\/de\/wp-json\/wp\/v2\/types\/product"}],"replies":[{"embeddable":true,"href":"https:\/\/isfelevator.com\/de\/wp-json\/wp\/v2\/comments?post=996135"}],"wp:featuredmedia":[{"embeddable":true,"href":"https:\/\/isfelevator.com\/de\/wp-json\/wp\/v2\/media\/993286"}],"wp:attachment":[{"href":"https:\/\/isfelevator.com\/de\/wp-json\/wp\/v2\/media?parent=996135"}],"wp:term":[{"taxonomy":"product_brand","embeddable":true,"href":"https:\/\/isfelevator.com\/de\/wp-json\/wp\/v2\/product_brand?post=996135"},{"taxonomy":"product_cat","embeddable":true,"href":"https:\/\/isfelevator.com\/de\/wp-json\/wp\/v2\/product_cat?post=996135"},{"taxonomy":"product_tag","embeddable":true,"href":"https:\/\/isfelevator.com\/de\/wp-json\/wp\/v2\/product_tag?post=996135"}],"curies":[{"name":"wp","href":"https:\/\/api.w.org\/{rel}","templated":true}]}}