{"id":996127,"date":"2023-02-24T13:06:56","date_gmt":"2023-02-24T13:06:56","guid":{"rendered":"https:\/\/isfelevator.com\/product\/access-key\/"},"modified":"2023-02-26T12:02:22","modified_gmt":"2023-02-26T12:02:22","slug":"zugangsschluessel","status":"publish","type":"product","link":"https:\/\/isfelevator.com\/de\/product\/zugangsschluessel\/","title":{"rendered":"Zugangsschl\u00fcssel"},"content":{"rendered":"<p><strong>Zugangsschl\u00fcssel<\/strong><\/p>\n<p>Technische Beschreibung Edelstahlsonde, zweifarbige Beleuchtung der Sonde, nichtfl\u00fcchtiger Speicher f\u00fcr 512 Tasten, eigener Warnsummer.<\/p>\n","protected":false},"excerpt":{"rendered":"<p><strong>AXES-D Digitales Sicherheitsmodul<\/strong> Elektronisches Sicherheitssystem. Erlaubt nur identifizierte elektronische Schl\u00fcssel. Tasten auf dem Ger\u00e4t sind f\u00fcr die Programmierung verwendet, sowie Master-Schl\u00fcssel f\u00fcr die Programmierung nach der Installation, die keine Notwendigkeit, das Ger\u00e4t zu \u00f6ffnen ist.<\/p>\n","protected":false},"featured_media":993454,"comment_status":"open","ping_status":"closed","template":"","meta":[],"product_brand":[],"product_cat":[636],"product_tag":[],"class_list":{"0":"post-996127","1":"product","2":"type-product","3":"status-publish","4":"has-post-thumbnail","6":"product_cat-zugangscode","8":"first","9":"instock","10":"shipping-taxable","11":"product-type-simple","12":"prodpage-style2"},"_links":{"self":[{"href":"https:\/\/isfelevator.com\/de\/wp-json\/wp\/v2\/product\/996127","targetHints":{"allow":["GET"]}}],"collection":[{"href":"https:\/\/isfelevator.com\/de\/wp-json\/wp\/v2\/product"}],"about":[{"href":"https:\/\/isfelevator.com\/de\/wp-json\/wp\/v2\/types\/product"}],"replies":[{"embeddable":true,"href":"https:\/\/isfelevator.com\/de\/wp-json\/wp\/v2\/comments?post=996127"}],"wp:featuredmedia":[{"embeddable":true,"href":"https:\/\/isfelevator.com\/de\/wp-json\/wp\/v2\/media\/993454"}],"wp:attachment":[{"href":"https:\/\/isfelevator.com\/de\/wp-json\/wp\/v2\/media?parent=996127"}],"wp:term":[{"taxonomy":"product_brand","embeddable":true,"href":"https:\/\/isfelevator.com\/de\/wp-json\/wp\/v2\/product_brand?post=996127"},{"taxonomy":"product_cat","embeddable":true,"href":"https:\/\/isfelevator.com\/de\/wp-json\/wp\/v2\/product_cat?post=996127"},{"taxonomy":"product_tag","embeddable":true,"href":"https:\/\/isfelevator.com\/de\/wp-json\/wp\/v2\/product_tag?post=996127"}],"curies":[{"name":"wp","href":"https:\/\/api.w.org\/{rel}","templated":true}]}}