{"id":995770,"date":"2023-02-24T13:08:14","date_gmt":"2023-02-24T13:08:14","guid":{"rendered":"https:\/\/isfelevator.com\/product\/diesel-2-indicators\/"},"modified":"2023-02-25T19:11:39","modified_gmt":"2023-02-25T19:11:39","slug":"diesel-2-indikatoren","status":"publish","type":"product","link":"https:\/\/isfelevator.com\/de\/product\/diesel-2-indikatoren\/","title":{"rendered":"DIESEL-2 Indikatoren"},"content":{"rendered":"<p><strong>DIESEL-2 Indikatoren<\/strong><\/p>\n<p><strong>DIESEL-2<\/strong> Programmierbare graphische LCD-Anzeige, Aufl\u00f6sung der Anzeige 128\u044564 Pixel, Gr\u00f6\u00dfe der Anzeige 114\u044564mm, Betriebsspannung 12VDC &#8211; 30 VDC, \u00dcberlast, Besetzt, T\u00fcr offen, L\u00fcfter, kein Betrieb und zus\u00e4tzliche Eing\u00e4nge, Kodierung mit Hilfe des Programmiersatzes PP200 und Personalcomputers.<\/p>\n","protected":false},"excerpt":{"rendered":"<p>DIESEL-2 Programmierbares LCD-Grafikdisplay<\/p>\n","protected":false},"featured_media":993730,"comment_status":"open","ping_status":"closed","template":"","meta":[],"product_brand":[],"product_cat":[642,627],"product_tag":[],"class_list":{"0":"post-995770","1":"product","2":"type-product","3":"status-publish","4":"has-post-thumbnail","6":"product_cat-indikatoren","7":"product_cat-komponenten-hardware","9":"first","10":"instock","11":"shipping-taxable","12":"product-type-simple","13":"prodpage-style2"},"_links":{"self":[{"href":"https:\/\/isfelevator.com\/de\/wp-json\/wp\/v2\/product\/995770","targetHints":{"allow":["GET"]}}],"collection":[{"href":"https:\/\/isfelevator.com\/de\/wp-json\/wp\/v2\/product"}],"about":[{"href":"https:\/\/isfelevator.com\/de\/wp-json\/wp\/v2\/types\/product"}],"replies":[{"embeddable":true,"href":"https:\/\/isfelevator.com\/de\/wp-json\/wp\/v2\/comments?post=995770"}],"wp:featuredmedia":[{"embeddable":true,"href":"https:\/\/isfelevator.com\/de\/wp-json\/wp\/v2\/media\/993730"}],"wp:attachment":[{"href":"https:\/\/isfelevator.com\/de\/wp-json\/wp\/v2\/media?parent=995770"}],"wp:term":[{"taxonomy":"product_brand","embeddable":true,"href":"https:\/\/isfelevator.com\/de\/wp-json\/wp\/v2\/product_brand?post=995770"},{"taxonomy":"product_cat","embeddable":true,"href":"https:\/\/isfelevator.com\/de\/wp-json\/wp\/v2\/product_cat?post=995770"},{"taxonomy":"product_tag","embeddable":true,"href":"https:\/\/isfelevator.com\/de\/wp-json\/wp\/v2\/product_tag?post=995770"}],"curies":[{"name":"wp","href":"https:\/\/api.w.org\/{rel}","templated":true}]}}