{"id":995762,"date":"2023-02-24T13:08:14","date_gmt":"2023-02-24T13:08:14","guid":{"rendered":"https:\/\/isfelevator.com\/product\/excel-indicators\/"},"modified":"2023-02-25T19:03:18","modified_gmt":"2023-02-25T19:03:18","slug":"excel-indikatoren","status":"publish","type":"product","link":"https:\/\/isfelevator.com\/de\/product\/excel-indikatoren\/","title":{"rendered":"Excel-Indikatoren"},"content":{"rendered":"<p><strong>Excel-Indikatoren<\/strong><\/p>\n<p><strong>Excel<\/strong> Programmierbares graphisches LCD-Display, Displayaufl\u00f6sung 240\u0445128 Pixel, Displaygr\u00f6\u00dfe 114\u044564mm, Betriebsspannung 12VDC &#8211; 30 VDC. Lineare Speisung. \u00dcberlast, Besetzt, T\u00fcr offen, L\u00fcfter, kein Dienst und zus\u00e4tzliche Eing\u00e4nge, Kodiert mit dem Programmiersatz PP200 und dem Personalcomputer.<\/p>\n","protected":false},"excerpt":{"rendered":"<p>Excel-Programmierbare LCD-Grafik-Anzeige<\/p>\n","protected":false},"featured_media":993718,"comment_status":"open","ping_status":"closed","template":"","meta":[],"product_brand":[],"product_cat":[642,627],"product_tag":[],"class_list":{"0":"post-995762","1":"product","2":"type-product","3":"status-publish","4":"has-post-thumbnail","6":"product_cat-indikatoren","7":"product_cat-komponenten-hardware","9":"first","10":"instock","11":"shipping-taxable","12":"product-type-simple","13":"prodpage-style2"},"_links":{"self":[{"href":"https:\/\/isfelevator.com\/de\/wp-json\/wp\/v2\/product\/995762","targetHints":{"allow":["GET"]}}],"collection":[{"href":"https:\/\/isfelevator.com\/de\/wp-json\/wp\/v2\/product"}],"about":[{"href":"https:\/\/isfelevator.com\/de\/wp-json\/wp\/v2\/types\/product"}],"replies":[{"embeddable":true,"href":"https:\/\/isfelevator.com\/de\/wp-json\/wp\/v2\/comments?post=995762"}],"wp:featuredmedia":[{"embeddable":true,"href":"https:\/\/isfelevator.com\/de\/wp-json\/wp\/v2\/media\/993718"}],"wp:attachment":[{"href":"https:\/\/isfelevator.com\/de\/wp-json\/wp\/v2\/media?parent=995762"}],"wp:term":[{"taxonomy":"product_brand","embeddable":true,"href":"https:\/\/isfelevator.com\/de\/wp-json\/wp\/v2\/product_brand?post=995762"},{"taxonomy":"product_cat","embeddable":true,"href":"https:\/\/isfelevator.com\/de\/wp-json\/wp\/v2\/product_cat?post=995762"},{"taxonomy":"product_tag","embeddable":true,"href":"https:\/\/isfelevator.com\/de\/wp-json\/wp\/v2\/product_tag?post=995762"}],"curies":[{"name":"wp","href":"https:\/\/api.w.org\/{rel}","templated":true}]}}