{"id":995706,"date":"2023-02-24T13:08:36","date_gmt":"2023-02-24T13:08:36","guid":{"rendered":"https:\/\/isfelevator.com\/product\/automatic-glass-cabin-landing-doors\/"},"modified":"2023-02-25T17:27:12","modified_gmt":"2023-02-25T17:27:12","slug":"automatische-glaskabinen-landetueren","status":"publish","type":"product","link":"https:\/\/isfelevator.com\/de\/product\/automatische-glaskabinen-landetueren\/","title":{"rendered":"Automatische Glaskabinen-Landet\u00fcren"},"content":{"rendered":"<p><strong>Automatische Glaskabinen-Landet\u00fcren.<\/strong><\/p>\n<p><strong>TECHNISCHE DATEN<\/strong><\/p>\n<p>DC-PWM-Treiber ohne Endschalter<br \/>\n220 V AC Versorgungsspannung<br \/>\n24 V DC B\u00fcrstenmotor<br \/>\nZweikanaliger (A, B) Encoder mit 100 Impulsen<br \/>\nAnzahl der \u00d6ffnungs-\/Schlie\u00dfungszyklen pro Jahr 600.000 bis 800.000<\/p>\n","protected":false},"excerpt":{"rendered":"<p>strong&gt;Mehrere elektronische Einstellungen<\/p>\n<p>\u2022 Parameter f\u00fcr Gr\u00f6\u00dfe, L\u00e4nge und Geschwindigkeit<br \/>\n\u2022 Separat einstellbare Torleistung f\u00fcr<br \/>\n\u00d6ffnungs- und Schlie\u00dfrichtung<br \/>\n\u2022 Kompatibilit\u00e4t mit Variationen von \u00d6ffnungs-\/Schlie\u00dfsignalen<br \/>\nBefehlssignalen (24 V DC-220 V AC)<br \/>\n\u2022 M\u00f6glichkeit des Betriebs mit einem einzigen (Schlie\u00df-)Signal<br \/>\n\u2022 Einstellung der Kurzschlusstypen als NO\/NC<\/p>\n<p><strong>Mehrere mechanische Einstellungen<\/strong><\/p>\n<p>\u2022 Praktische Montage<br \/>\n\u2022 Paneelverstellung in 3 Achsen<br \/>\n\u2022 Einstellbarkeit der lichten \u00d6ffnung<\/p>\n","protected":false},"featured_media":993850,"comment_status":"open","ping_status":"closed","template":"","meta":[],"product_brand":[],"product_cat":[767],"product_tag":[],"class_list":{"0":"post-995706","1":"product","2":"type-product","3":"status-publish","4":"has-post-thumbnail","6":"product_cat-aufzugturen","8":"first","9":"instock","10":"shipping-taxable","11":"product-type-simple","12":"prodpage-style2"},"_links":{"self":[{"href":"https:\/\/isfelevator.com\/de\/wp-json\/wp\/v2\/product\/995706","targetHints":{"allow":["GET"]}}],"collection":[{"href":"https:\/\/isfelevator.com\/de\/wp-json\/wp\/v2\/product"}],"about":[{"href":"https:\/\/isfelevator.com\/de\/wp-json\/wp\/v2\/types\/product"}],"replies":[{"embeddable":true,"href":"https:\/\/isfelevator.com\/de\/wp-json\/wp\/v2\/comments?post=995706"}],"wp:featuredmedia":[{"embeddable":true,"href":"https:\/\/isfelevator.com\/de\/wp-json\/wp\/v2\/media\/993850"}],"wp:attachment":[{"href":"https:\/\/isfelevator.com\/de\/wp-json\/wp\/v2\/media?parent=995706"}],"wp:term":[{"taxonomy":"product_brand","embeddable":true,"href":"https:\/\/isfelevator.com\/de\/wp-json\/wp\/v2\/product_brand?post=995706"},{"taxonomy":"product_cat","embeddable":true,"href":"https:\/\/isfelevator.com\/de\/wp-json\/wp\/v2\/product_cat?post=995706"},{"taxonomy":"product_tag","embeddable":true,"href":"https:\/\/isfelevator.com\/de\/wp-json\/wp\/v2\/product_tag?post=995706"}],"curies":[{"name":"wp","href":"https:\/\/api.w.org\/{rel}","templated":true}]}}