{"id":995699,"date":"2023-02-24T13:08:36","date_gmt":"2023-02-24T13:08:36","guid":{"rendered":"https:\/\/isfelevator.com\/product\/cl-07-door-part-elevator-door-parts\/"},"modified":"2023-02-25T17:10:38","modified_gmt":"2023-02-25T17:10:38","slug":"cl-07-tuerteil-teile-fuer-aufzugstueren","status":"publish","type":"product","link":"https:\/\/isfelevator.com\/de\/product\/cl-07-tuerteil-teile-fuer-aufzugstueren\/","title":{"rendered":"CL-07 T\u00fcrteil &#8211; Teile f\u00fcr Aufzugst\u00fcren"},"content":{"rendered":"<p><strong>CL-07 T\u00fcrteil &#8211; Teile f\u00fcr Aufzugst\u00fcren<\/strong><\/p>\n<p>Auslaufende Nocke CL-07<\/p>\n<p><img loading=\"lazy\" decoding=\"async\" class=\"alignleft wp-image-2874 size-large\" src=\"https:\/\/isfelevator.com\/wp-content\/uploads\/2017\/12\/CL-07--1024x576.jpg\" alt=\"CL-07-sema\" width=\"1024\" height=\"576\" \/><\/p>\n","protected":false},"excerpt":{"rendered":"<p>CL-07 T\u00fcrteil<\/p>\n<p>Aufzug Landungst\u00fcr R\u00fcckholnocken<\/p>\n","protected":false},"featured_media":993844,"comment_status":"open","ping_status":"closed","template":"","meta":[],"product_brand":[],"product_cat":[779,627,797],"product_tag":[],"class_list":{"0":"post-995699","1":"product","2":"type-product","3":"status-publish","4":"has-post-thumbnail","6":"product_cat-aufzugturteile","7":"product_cat-komponenten-hardware","8":"product_cat-tur-ruckzugsnocken","10":"first","11":"instock","12":"shipping-taxable","13":"product-type-simple","14":"prodpage-style2"},"_links":{"self":[{"href":"https:\/\/isfelevator.com\/de\/wp-json\/wp\/v2\/product\/995699","targetHints":{"allow":["GET"]}}],"collection":[{"href":"https:\/\/isfelevator.com\/de\/wp-json\/wp\/v2\/product"}],"about":[{"href":"https:\/\/isfelevator.com\/de\/wp-json\/wp\/v2\/types\/product"}],"replies":[{"embeddable":true,"href":"https:\/\/isfelevator.com\/de\/wp-json\/wp\/v2\/comments?post=995699"}],"wp:featuredmedia":[{"embeddable":true,"href":"https:\/\/isfelevator.com\/de\/wp-json\/wp\/v2\/media\/993844"}],"wp:attachment":[{"href":"https:\/\/isfelevator.com\/de\/wp-json\/wp\/v2\/media?parent=995699"}],"wp:term":[{"taxonomy":"product_brand","embeddable":true,"href":"https:\/\/isfelevator.com\/de\/wp-json\/wp\/v2\/product_brand?post=995699"},{"taxonomy":"product_cat","embeddable":true,"href":"https:\/\/isfelevator.com\/de\/wp-json\/wp\/v2\/product_cat?post=995699"},{"taxonomy":"product_tag","embeddable":true,"href":"https:\/\/isfelevator.com\/de\/wp-json\/wp\/v2\/product_tag?post=995699"}],"curies":[{"name":"wp","href":"https:\/\/api.w.org\/{rel}","templated":true}]}}