{"id":995678,"date":"2023-02-24T13:08:37","date_gmt":"2023-02-24T13:08:37","guid":{"rendered":"https:\/\/isfelevator.com\/product\/overspeed-governor-o-300-mm-o-210-mm-others\/"},"modified":"2023-02-25T16:49:56","modified_gmt":"2023-02-25T16:49:56","slug":"geschwindigkeitsbegrenzer-oe-300-mm-oe-210-mm-sonstige","status":"publish","type":"product","link":"https:\/\/isfelevator.com\/de\/product\/geschwindigkeitsbegrenzer-oe-300-mm-oe-210-mm-sonstige\/","title":{"rendered":"Geschwindigkeitsbegrenzer (\u00d8 300 mm, \u00d8 210 mm) &#8211; Sonstige"},"content":{"rendered":"<p><strong><span style=\"vertical-align: inherit;\">Geschwindigkeitsbegrenzer.<\/span><\/strong><\/p>\n<p><span style=\"vertical-align: inherit;\">PRODUKTEIGENSCHAFTEN<\/span><\/p>\n<p><span style=\"vertical-align: inherit;\">\u2022 Nenngeschwindigkeit (min) 0,40 m\/s <\/span><br \/>\n<span style=\"vertical-align: inherit;\">\u2022 Nenngeschwindigkeit (max) 1,60 m\/s <\/span><br \/>\n<span style=\"vertical-align: inherit;\">\u2022 Erf\u00fcllung der Aufzugsrichtlinie EN81-50 <\/span><br \/>\n<span style=\"vertical-align: inherit;\">\u2022 Einr\u00fccken der Fangvorrichtung in beide Richtungen <\/span><br \/>\n<span style=\"vertical-align: inherit;\">\u2022 schaltet zuerst den Sicherheitsschalter ab und l\u00f6st dann aus <\/span><br \/>\n<span style=\"vertical-align: inherit;\">\u2022 Geschwindigkeitsbegrenzer mit Sicherheitskontakt <\/span><br \/>\n<span style=\"vertical-align: inherit;\">\u2022 Konfiguration f\u00fcr Maschinenraum oder Schachtkopf m\u00f6glich <\/span><br \/>\n<span style=\"vertical-align: inherit;\">\u2022 Spanngewicht mit Sicherheitskontakt <\/span><br \/>\n<span style=\"vertical-align: inherit;\">\u2022 Einsetzbar f\u00fcr Nachr\u00fcstungen und Modernisierungen <\/span><br \/>\n<span style=\"vertical-align: inherit;\">\u2022 Auf Nenndrehzahlen voreingestellt und abgedichtet <\/span><br \/>\n<span style=\"vertical-align: inherit;\">\u2022 Befestigungsbohrungen sind voll kompatibel zu anderen Geschwindigkeitsbegrenzern <\/span><br \/>\n<span style=\"vertical-align: inherit;\">\u2022 Montage an fast jeder Hebeb\u00fchnentyp m\u00f6glich <\/span><br \/>\n<span style=\"vertical-align: inherit;\">\u2022 Einfache Installation und Wartung <\/span><br \/>\n<span style=\"vertical-align: inherit;\">\u2022 Das Verh\u00e4ltnis der Pr\u00fcfnuten betr\u00e4gt 2\/3. <\/span><br \/>\n<span style=\"vertical-align: inherit;\">\u2022 Ausf\u00fchrliche Bedienungsanleitung<\/span><\/p>\n","protected":false},"excerpt":{"rendered":"<p><span style=\"vertical-align: inherit;\">BESCHREIBUNG <\/span><br \/>\n<span style=\"vertical-align: inherit;\">UCM-SYSTEM<\/span><\/p>\n<p>\u2022 <span style=\"vertical-align: inherit;\">Kurze Sperrzeit <\/span><br \/>\n<span style=\"vertical-align: inherit;\">\u2022 24 VDC \/ 3,60 A \u2013 190 VDC \/ 0,38 A Sicherheitsspule <\/span><br \/>\n<span style=\"vertical-align: inherit;\">\u2022 Spulenkontrollschalter <\/span><br \/>\n<span style=\"vertical-align: inherit;\">\u2022 Wird geliefert wie auf dem Geschwindigkeitsbegrenzer montiert. Es ist nicht mit Geschwindigkeitsbegrenzern anderer Marken kompatibel. <\/span><br \/>\n<span style=\"vertical-align: inherit;\">\u2022 Es kann zur Revision verwendet werden.<\/span><\/p>\n","protected":false},"featured_media":993904,"comment_status":"open","ping_status":"closed","template":"","meta":[],"product_brand":[],"product_cat":[665],"product_tag":[],"class_list":{"0":"post-995678","1":"product","2":"type-product","3":"status-publish","4":"has-post-thumbnail","6":"product_cat-uberschwingbremse","8":"first","9":"instock","10":"shipping-taxable","11":"product-type-simple","12":"prodpage-style2"},"_links":{"self":[{"href":"https:\/\/isfelevator.com\/de\/wp-json\/wp\/v2\/product\/995678","targetHints":{"allow":["GET"]}}],"collection":[{"href":"https:\/\/isfelevator.com\/de\/wp-json\/wp\/v2\/product"}],"about":[{"href":"https:\/\/isfelevator.com\/de\/wp-json\/wp\/v2\/types\/product"}],"replies":[{"embeddable":true,"href":"https:\/\/isfelevator.com\/de\/wp-json\/wp\/v2\/comments?post=995678"}],"wp:featuredmedia":[{"embeddable":true,"href":"https:\/\/isfelevator.com\/de\/wp-json\/wp\/v2\/media\/993904"}],"wp:attachment":[{"href":"https:\/\/isfelevator.com\/de\/wp-json\/wp\/v2\/media?parent=995678"}],"wp:term":[{"taxonomy":"product_brand","embeddable":true,"href":"https:\/\/isfelevator.com\/de\/wp-json\/wp\/v2\/product_brand?post=995678"},{"taxonomy":"product_cat","embeddable":true,"href":"https:\/\/isfelevator.com\/de\/wp-json\/wp\/v2\/product_cat?post=995678"},{"taxonomy":"product_tag","embeddable":true,"href":"https:\/\/isfelevator.com\/de\/wp-json\/wp\/v2\/product_tag?post=995678"}],"curies":[{"name":"wp","href":"https:\/\/api.w.org\/{rel}","templated":true}]}}