{"id":995665,"date":"2023-02-24T13:08:58","date_gmt":"2023-02-24T13:08:58","guid":{"rendered":"https:\/\/isfelevator.com\/product\/braking-resistors\/"},"modified":"2023-02-25T16:23:43","modified_gmt":"2023-02-25T16:23:43","slug":"bremswiderstaende","status":"publish","type":"product","link":"https:\/\/isfelevator.com\/de\/product\/bremswiderstaende\/","title":{"rendered":"Bremswiderst\u00e4nde"},"content":{"rendered":"<p><strong>Bremswiderst\u00e4nde<\/strong><\/p>\n<p>Der <strong>Bremswiderstand <\/strong>eines Aufzugs ist eines der Kernelemente der <strong>Aufzugssicherheit<\/strong>. Das Leben in modernen Geb\u00e4uden wurde durch moderne Aufz\u00fcge m\u00f6glich, und moderne Aufz\u00fcge sind m\u00f6glich, wenn die Menschen sie sicher benutzen k\u00f6nnen. Das Hauptproblem besteht darin, eine Aufzugskabine sicher anhalten zu k\u00f6nnen, insbesondere bei Abw\u00e4rtsfahrten. Hierf\u00fcr ben\u00f6tigen wir Bremswiderst\u00e4nde.<\/p>\n<p>Wenn ein Elektromotor oder ein mechanisches System abgebremst wird, verwandelt sich das System nach den Regeln der Physik in eine Art Generator, der eine betr\u00e4chtliche Menge an elektrischer Energie erzeugt. Das kann gef\u00e4hrlich sein, deshalb verwenden wir Widerst\u00e4nde, um diese Energie zu verbrauchen und die W\u00e4rme abzuf\u00fchren. Ein <strong>dynamischer Bremswiderstand<\/strong>\u00a0h\u00e4lt die Aufzugskabine schnell an oder bremst sie ab, indem er eine Bremskraft erzeugt. Je nach Projekt gibt es variable ohmsche Widerst\u00e4nde, die Motoren zum Anhalten verhelfen und mehr W\u00e4rme erzeugen k\u00f6nnen.<\/p>\n<p>Als ISF Elevator wissen wir, <strong>wie man Bremswiderst\u00e4nde f\u00fcr VFD<\/strong> (variable Frequenzantriebe) ausw\u00e4hlt, indem wir eine <strong>Bremswiderstandsberechnung <\/strong>erstellen. Allgemeine Widerstandstypen sind;<\/p>\n<ul>\n<li>\n<h4 class=\"cbox02A-01 ff-hd-06 productName\">10 OHM 1000W Bremswiderst\u00e4nde<\/h4>\n<\/li>\n<li>\n<h4 class=\"cbox02A-01 ff-hd-06 productName\">18 OHM 1000W Bremswiderst\u00e4nde<\/h4>\n<\/li>\n<li>\n<h4 class=\"cbox02A-01 ff-hd-06 productName\">25 OHM 1000W Bremswiderst\u00e4nde<\/h4>\n<\/li>\n<li>\n<h4 class=\"cbox02A-01 ff-hd-06 productName\">40 OHM 1000W Bremswiderst\u00e4nde<\/h4>\n<\/li>\n<li>\n<h4 class=\"cbox02A-01 ff-hd-06 productName\">50 OHM 1000W Bremswiderst\u00e4nde<\/h4>\n<\/li>\n<\/ul>\n","protected":false},"excerpt":{"rendered":"<h4 class=\"cbox02A-01 ff-hd-06 productName\">10, 18, 25, 40 &amp; 50 OHM 1000W Bremswiderst\u00e4nde<\/h4>\n","protected":false},"featured_media":994018,"comment_status":"open","ping_status":"closed","template":"","meta":[],"product_brand":[],"product_cat":[683,689],"product_tag":[],"class_list":{"0":"post-995665","1":"product","2":"type-product","3":"status-publish","4":"has-post-thumbnail","6":"product_cat-aufzugsteuerungen","7":"product_cat-hilfseinheiten-aufzugsteuerungen","9":"first","10":"instock","11":"shipping-taxable","12":"product-type-simple","13":"prodpage-style2"},"_links":{"self":[{"href":"https:\/\/isfelevator.com\/de\/wp-json\/wp\/v2\/product\/995665","targetHints":{"allow":["GET"]}}],"collection":[{"href":"https:\/\/isfelevator.com\/de\/wp-json\/wp\/v2\/product"}],"about":[{"href":"https:\/\/isfelevator.com\/de\/wp-json\/wp\/v2\/types\/product"}],"replies":[{"embeddable":true,"href":"https:\/\/isfelevator.com\/de\/wp-json\/wp\/v2\/comments?post=995665"}],"wp:featuredmedia":[{"embeddable":true,"href":"https:\/\/isfelevator.com\/de\/wp-json\/wp\/v2\/media\/994018"}],"wp:attachment":[{"href":"https:\/\/isfelevator.com\/de\/wp-json\/wp\/v2\/media?parent=995665"}],"wp:term":[{"taxonomy":"product_brand","embeddable":true,"href":"https:\/\/isfelevator.com\/de\/wp-json\/wp\/v2\/product_brand?post=995665"},{"taxonomy":"product_cat","embeddable":true,"href":"https:\/\/isfelevator.com\/de\/wp-json\/wp\/v2\/product_cat?post=995665"},{"taxonomy":"product_tag","embeddable":true,"href":"https:\/\/isfelevator.com\/de\/wp-json\/wp\/v2\/product_tag?post=995665"}],"curies":[{"name":"wp","href":"https:\/\/api.w.org\/{rel}","templated":true}]}}