{"id":995656,"date":"2023-02-24T13:08:58","date_gmt":"2023-02-24T13:08:58","guid":{"rendered":"https:\/\/isfelevator.com\/product\/emc-30a-emc-50a-filters\/"},"modified":"2023-02-25T16:07:01","modified_gmt":"2023-02-25T16:07:01","slug":"emv-30-a-und-emv-50-a-filter","status":"publish","type":"product","link":"https:\/\/isfelevator.com\/de\/product\/emv-30-a-und-emv-50-a-filter\/","title":{"rendered":"EMV-30-A- und EMV-50-A-Filter"},"content":{"rendered":"<h4><span style=\"vertical-align: inherit;\">EMV-30-A- und EMV-50-A-Filter<\/span><\/h4>\n<p class=\"cbox02A-01 ff-hd-06 productName\"><strong><span style=\"vertical-align: inherit;\">Was ist ein EMV-Filter<\/span><\/strong><span style=\"vertical-align: inherit;\"> ? <\/span><strong><span style=\"vertical-align: inherit;\">Wie funktioniert ein EMV-Filter<\/span><\/strong><span style=\"vertical-align: inherit;\"> ? Wir werden zuerst \u00fcber das Produkt sprechen.<\/span><\/p>\n<p class=\"cbox02A-01 ff-hd-06 productName\"><span style=\"vertical-align: inherit;\">EMV- oder <\/span><strong><span style=\"vertical-align: inherit;\">elektromagnetische Kompatibilit\u00e4tsfilter<\/span><\/strong><span style=\"vertical-align: inherit;\"> werden verwendet, um m\u00f6gliches elektromagnetisches Rauschen zu reduzieren, das zwischen Laufwerken und der Hauptstromversorgung auftreten kann. Es ist eine Art Versicherung, Elektromotoren in komplizierten Systemen funktionst\u00fcchtig zur Verf\u00fcgung zu stellen. Durch den Eingriff in das Ger\u00e4usch am Eingang des Systems wird das Ger\u00e4usch auf ein Minimum gesenkt und das System funktioniert einwandfrei.<\/span><\/p>\n<p><span style=\"vertical-align: inherit;\">Im Allgemeinen gibt es Standard-EMV-Filter wie 30A oder 50A. Es ist jedoch m\u00f6glich, spezialisierte Produkte bereitzustellen, wenn ein h\u00f6heres Filterniveau erforderlich oder gew\u00fcnscht ist. Bei ISF Elevator bieten wir hochwertige Filter, die perfekt zu Ihren Projekten passen.<\/span><\/p>\n","protected":false},"excerpt":{"rendered":"<h4 class=\"cbox02A-01 ff-hd-06 productName\"><span style=\"vertical-align: inherit;\">EMV 30A &amp; EMV 50A<\/span><\/h4>\n","protected":false},"featured_media":994006,"comment_status":"open","ping_status":"closed","template":"","meta":[],"product_brand":[],"product_cat":[683,689],"product_tag":[],"class_list":{"0":"post-995656","1":"product","2":"type-product","3":"status-publish","4":"has-post-thumbnail","6":"product_cat-aufzugsteuerungen","7":"product_cat-hilfseinheiten-aufzugsteuerungen","9":"first","10":"instock","11":"shipping-taxable","12":"product-type-simple","13":"prodpage-style2"},"_links":{"self":[{"href":"https:\/\/isfelevator.com\/de\/wp-json\/wp\/v2\/product\/995656","targetHints":{"allow":["GET"]}}],"collection":[{"href":"https:\/\/isfelevator.com\/de\/wp-json\/wp\/v2\/product"}],"about":[{"href":"https:\/\/isfelevator.com\/de\/wp-json\/wp\/v2\/types\/product"}],"replies":[{"embeddable":true,"href":"https:\/\/isfelevator.com\/de\/wp-json\/wp\/v2\/comments?post=995656"}],"wp:featuredmedia":[{"embeddable":true,"href":"https:\/\/isfelevator.com\/de\/wp-json\/wp\/v2\/media\/994006"}],"wp:attachment":[{"href":"https:\/\/isfelevator.com\/de\/wp-json\/wp\/v2\/media?parent=995656"}],"wp:term":[{"taxonomy":"product_brand","embeddable":true,"href":"https:\/\/isfelevator.com\/de\/wp-json\/wp\/v2\/product_brand?post=995656"},{"taxonomy":"product_cat","embeddable":true,"href":"https:\/\/isfelevator.com\/de\/wp-json\/wp\/v2\/product_cat?post=995656"},{"taxonomy":"product_tag","embeddable":true,"href":"https:\/\/isfelevator.com\/de\/wp-json\/wp\/v2\/product_tag?post=995656"}],"curies":[{"name":"wp","href":"https:\/\/api.w.org\/{rel}","templated":true}]}}