{"id":995643,"date":"2023-02-24T13:08:58","date_gmt":"2023-02-24T13:08:58","guid":{"rendered":"https:\/\/isfelevator.com\/product\/ac-entrance-line-reactor\/"},"modified":"2023-02-25T15:52:21","modified_gmt":"2023-02-25T15:52:21","slug":"ac-eingangsleitungsdrossel","status":"publish","type":"product","link":"https:\/\/isfelevator.com\/de\/product\/ac-eingangsleitungsdrossel\/","title":{"rendered":"AC Eingangsleitungsdrossel"},"content":{"rendered":"<h4><span style=\"vertical-align: inherit;\">AC Eingangsleitungsdrossel<\/span><\/h4>\n<h5><span style=\"vertical-align: inherit;\">Was ist eine Netzdrossel<\/span><\/h5>\n<p><strong><span style=\"vertical-align: inherit;\">Die Netzdrossel<\/span><\/strong><span style=\"vertical-align: inherit;\"> wird verwendet, um die Wellenform der Aufzugseinheit zu regeln. Diese Wellenformen sch\u00fctzen die Antriebe vor Leitungsausl\u00f6sungen oder anderen m\u00f6glichen Sch\u00e4den, indem sie \u00dcber- oder Unterspannungen stabilisieren. Au\u00dferdem ist es sehr hilfreich beim Schutz des Antriebs bei Motorkurzschl\u00fcssen.<\/span><\/p>\n<p><span style=\"vertical-align: inherit;\">Wof\u00fcr wird also <\/span><strong><span style=\"vertical-align: inherit;\">eine AC-Eingangsleitungsdrossel verwendet<\/span><\/strong><span style=\"vertical-align: inherit;\"> ? Wie gesagt, es handelt sich um ein Gew\u00e4hrleistungssystem bei Kurzschl\u00fcssen. Wenn der Versorgungstransformator h\u00f6her ist als der Frequenzumrichter, ist im Allgemeinen die Verwendung einer Netzdrossel erw\u00fcnscht.<\/span><\/p>\n<p><span style=\"vertical-align: inherit;\">Als ISF Elevator sind unsere Netzdrosseltypen diese;<\/span><\/p>\n<h4 class=\"cbox02A-01 ff-hd-06 productName\"><span style=\"vertical-align: inherit;\">14A 3-Phasen-Netzdrossel<\/span><\/h4>\n<h4 class=\"cbox02A-01 ff-hd-06 productName\"><span style=\"vertical-align: inherit;\">17A 3-Phasen-Netzdrossel<\/span><\/h4>\n<h4 class=\"cbox02A-01 ff-hd-06 productName\"><span style=\"vertical-align: inherit;\">26A 3-Phasen-Netzdrossel<\/span><\/h4>\n<h4 class=\"cbox02A-01 ff-hd-06 productName\"><span style=\"vertical-align: inherit;\">35A 3-Phasen-Netzdrossel<\/span><\/h4>\n<h4 class=\"cbox02A-01 ff-hd-06 productName\"><span style=\"vertical-align: inherit;\">50A 3-Phasen-Netzdrossel<\/span><\/h4>\n<h4 class=\"cbox02A-01 ff-hd-06 productName\"><span style=\"vertical-align: inherit;\">75A 3-Phasen-Netzdrossel<\/span><\/h4>\n","protected":false},"excerpt":{"rendered":"<h4 class=\"cbox02A-01 ff-hd-06 productName\"><span style=\"vertical-align: inherit;\">14A, 17A, 26A, 35A, 50A &amp; 75A 3-phasige Netzdrossel<\/span><\/h4>\n","protected":false},"featured_media":994000,"comment_status":"open","ping_status":"closed","template":"","meta":[],"product_brand":[],"product_cat":[683,689],"product_tag":[],"class_list":{"0":"post-995643","1":"product","2":"type-product","3":"status-publish","4":"has-post-thumbnail","6":"product_cat-aufzugsteuerungen","7":"product_cat-hilfseinheiten-aufzugsteuerungen","9":"first","10":"instock","11":"shipping-taxable","12":"product-type-simple","13":"prodpage-style2"},"_links":{"self":[{"href":"https:\/\/isfelevator.com\/de\/wp-json\/wp\/v2\/product\/995643","targetHints":{"allow":["GET"]}}],"collection":[{"href":"https:\/\/isfelevator.com\/de\/wp-json\/wp\/v2\/product"}],"about":[{"href":"https:\/\/isfelevator.com\/de\/wp-json\/wp\/v2\/types\/product"}],"replies":[{"embeddable":true,"href":"https:\/\/isfelevator.com\/de\/wp-json\/wp\/v2\/comments?post=995643"}],"wp:featuredmedia":[{"embeddable":true,"href":"https:\/\/isfelevator.com\/de\/wp-json\/wp\/v2\/media\/994000"}],"wp:attachment":[{"href":"https:\/\/isfelevator.com\/de\/wp-json\/wp\/v2\/media?parent=995643"}],"wp:term":[{"taxonomy":"product_brand","embeddable":true,"href":"https:\/\/isfelevator.com\/de\/wp-json\/wp\/v2\/product_brand?post=995643"},{"taxonomy":"product_cat","embeddable":true,"href":"https:\/\/isfelevator.com\/de\/wp-json\/wp\/v2\/product_cat?post=995643"},{"taxonomy":"product_tag","embeddable":true,"href":"https:\/\/isfelevator.com\/de\/wp-json\/wp\/v2\/product_tag?post=995643"}],"curies":[{"name":"wp","href":"https:\/\/api.w.org\/{rel}","templated":true}]}}