{"id":995622,"date":"2023-02-24T13:08:58","date_gmt":"2023-02-24T13:08:58","guid":{"rendered":"https:\/\/isfelevator.com\/product\/km-30s-door-control-boards\/"},"modified":"2023-02-25T15:31:30","modified_gmt":"2023-02-25T15:31:30","slug":"km-30s-tuersteuertafeln","status":"publish","type":"product","link":"https:\/\/isfelevator.com\/de\/product\/km-30s-tuersteuertafeln\/","title":{"rendered":"KM-30S T\u00fcrsteuertafeln"},"content":{"rendered":"<p><strong><span style=\"vertical-align: inherit;\">KM-30S T\u00fcrsteuertafeln.<\/span><\/strong><\/p>\n<p><strong><span class=\"blueHeaderA\"><span style=\"vertical-align: inherit;\">Ernst und unregelm\u00e4\u00dfig<\/span><\/span><\/strong><\/p>\n<p><span style=\"vertical-align: inherit;\">Die fortschrittliche Software macht das S in den Navigationsrampen weicher und erm\u00f6glicht sanfte, aber sanfte Bewegungen der T\u00fcrbewegungen ohne endschalterfreien Algorithmus<\/span><\/p>\n<p><strong><span class=\"blueHeaderA\"><span style=\"vertical-align: inherit;\">Kein Endschalter erforderlich<\/span><\/span><\/strong><\/p>\n<p><span style=\"vertical-align: inherit;\">Der Torantrieb ben\u00f6tigt f\u00fcr den Betrieb keinen Endschalter. KM-30S Door Control Boards sind sehr n\u00fctzlich f\u00fcr die T\u00fcrbreite, T\u00fcr\u00f6ffnungs- und -schlie\u00dfpositionen werden automatisch erkannt<\/span><\/p>\n<p><span style=\"vertical-align: inherit;\">Wenn die T\u00fcr blockiert ist, wird der Summer wieder eingeschaltet. Die Verklemmung wird langsam durch die wahrgenommene Zone gef\u00fchrt, um Sch\u00e4den an den Passagieren und der T\u00fcr zu vermeiden<\/span><\/p>\n<p><strong><span class=\"blueHeaderA\"><span style=\"vertical-align: inherit;\">Delegation<\/span><\/span><\/strong><\/p>\n<p><span style=\"vertical-align: inherit;\">In Bezug auf Sicherheit, notwendige Anforderungen und einfache Einrichtung wurde der Zugriff auf das Men\u00fc autorisiert. F\u00fcr den Zugriff auf das Men\u00fc wurden verschiedene Berechtigungsebenen zugewiesen: Erzeugerebene, Basisebene und eingeschr\u00e4nkte Ebene<\/span><\/p>\n<p><strong><span class=\"blueHeaderA\"><span style=\"vertical-align: inherit;\">Breite Parameterf\u00e4higkeit<\/span><\/span><\/strong><\/p>\n<p><span style=\"vertical-align: inherit;\">F\u00fcr Hersteller k\u00f6nnen Parameter wie Motoruntersetzungsverh\u00e4ltnis, Motordrehzahl, Umfang der Antriebsriemenscheibe, L\u00f6ffel\u00f6ffnungszone usw. f\u00fcr die Anwendungsflexibilit\u00e4t eingegeben werden<\/span><\/p>\n","protected":false},"excerpt":{"rendered":"<ul>\n<li><span style=\"vertical-align: inherit;\"><span style=\"vertical-align: inherit;\">T\u00fcr ganz ge\u00f6ffnet\/ganz geschlossen<\/span><\/span><\/li>\n<li><span style=\"vertical-align: inherit;\"><span style=\"vertical-align: inherit;\">Aktiver Ausgang T\u00fcrstau oder Lichtschranke<\/span><\/span><\/li>\n<li><span style=\"vertical-align: inherit;\"><span style=\"vertical-align: inherit;\">Relaiskontaktausgang. <\/span><span style=\"vertical-align: inherit;\">F\u00fcr 3A, 250VAC oder 30VDC<\/span><\/span><\/li>\n<li><span style=\"vertical-align: inherit;\"><span style=\"vertical-align: inherit;\">Signal zum \u00d6ffnen\/Schlie\u00dfen der T\u00fcr<\/span><\/span><\/li>\n<li><span style=\"vertical-align: inherit;\"><span style=\"vertical-align: inherit;\">Langsames Signal \/ schnelles Signal<\/span><\/span><\/li>\n<li><span style=\"vertical-align: inherit;\"><span style=\"vertical-align: inherit;\">Lichtschrankensignal<\/span><\/span><\/li>\n<li><span style=\"vertical-align: inherit;\"><span style=\"vertical-align: inherit;\">Massesignal<\/span><\/span><\/li>\n<li><span style=\"vertical-align: inherit;\"><span style=\"vertical-align: inherit;\">Die T\u00fcrverkleidung KM-30S ist f\u00fcr den Einsatz an Feueraufzugt\u00fcren geeignet<\/span><\/span><\/li>\n<li><span style=\"vertical-align: inherit;\"><span style=\"vertical-align: inherit;\">Bei Signaleingang f\u00fcr langsame Geschwindigkeit wird das Lichtschrankensignal im Langzeit-Lichtschrankenschnitt blockiert und die T\u00fcren werden mit langsamer Geschwindigkeit geschlossen (Dr\u00e4ngelmodus)<\/span><\/span><\/li>\n<li><span style=\"vertical-align: inherit;\"><span style=\"vertical-align: inherit;\">Torgeschwindigkeit, Torposition und Betriebszustand im Normalbetrieb und Fehler im Normalbetrieb<\/span><\/span><\/li>\n<\/ul>\n","protected":false},"featured_media":993988,"comment_status":"open","ping_status":"closed","template":"","meta":[],"product_brand":[],"product_cat":[683,773],"product_tag":[],"class_list":{"0":"post-995622","1":"product","2":"type-product","3":"status-publish","4":"has-post-thumbnail","6":"product_cat-aufzugsteuerungen","7":"product_cat-tursteuerungen","9":"first","10":"instock","11":"shipping-taxable","12":"product-type-simple","13":"prodpage-style2"},"_links":{"self":[{"href":"https:\/\/isfelevator.com\/de\/wp-json\/wp\/v2\/product\/995622","targetHints":{"allow":["GET"]}}],"collection":[{"href":"https:\/\/isfelevator.com\/de\/wp-json\/wp\/v2\/product"}],"about":[{"href":"https:\/\/isfelevator.com\/de\/wp-json\/wp\/v2\/types\/product"}],"replies":[{"embeddable":true,"href":"https:\/\/isfelevator.com\/de\/wp-json\/wp\/v2\/comments?post=995622"}],"wp:featuredmedia":[{"embeddable":true,"href":"https:\/\/isfelevator.com\/de\/wp-json\/wp\/v2\/media\/993988"}],"wp:attachment":[{"href":"https:\/\/isfelevator.com\/de\/wp-json\/wp\/v2\/media?parent=995622"}],"wp:term":[{"taxonomy":"product_brand","embeddable":true,"href":"https:\/\/isfelevator.com\/de\/wp-json\/wp\/v2\/product_brand?post=995622"},{"taxonomy":"product_cat","embeddable":true,"href":"https:\/\/isfelevator.com\/de\/wp-json\/wp\/v2\/product_cat?post=995622"},{"taxonomy":"product_tag","embeddable":true,"href":"https:\/\/isfelevator.com\/de\/wp-json\/wp\/v2\/product_tag?post=995622"}],"curies":[{"name":"wp","href":"https:\/\/api.w.org\/{rel}","templated":true}]}}