{"id":994563,"date":"2023-02-24T13:08:58","date_gmt":"2023-02-24T13:08:58","guid":{"rendered":"https:\/\/isfelevator.com\/product\/wheelchair-lift\/"},"modified":"2023-02-24T20:12:09","modified_gmt":"2023-02-24T20:12:09","slug":"rollstuhllift","status":"publish","type":"product","link":"https:\/\/isfelevator.com\/de\/product\/rollstuhllift\/","title":{"rendered":"Rollstuhllift"},"content":{"rendered":"<p><strong><span style=\"vertical-align: inherit;\">Rollstuhllift<\/span><\/strong><\/p>\n<p><span style=\"vertical-align: inherit;\">Die Rollstuhlliftplattform kann f\u00fcr private oder gewerbliche Anwendungen verwendet werden, um den Zugang \u00fcber Treppen zu erm\u00f6glichen.<\/span><\/p>\n<p><span style=\"vertical-align: inherit;\">Geschwindigkeit: 0,12 m\/Sek. <\/span><br \/>\n<span style=\"vertical-align: inherit;\">Sanftanlauf und -stopp <\/span><br \/>\n<span style=\"vertical-align: inherit;\">Belastbarkeit: 250 kg. <\/span><br \/>\n<span style=\"vertical-align: inherit;\">Spannung: 230 V 50 Hz 13 A <\/span><br \/>\n<span style=\"vertical-align: inherit;\">Neigung bis zu 45 Grad <\/span><br \/>\n<span style=\"vertical-align: inherit;\">Stromversorgung: 220 V, 50 Hz <\/span><br \/>\n<span style=\"vertical-align: inherit;\">Plattformgr\u00f6\u00dfe: 900 x 1000 mm <\/span><br \/>\n<span style=\"vertical-align: inherit;\">Fernbedienung und Bedienfeld<\/span><\/p>\n","protected":false},"excerpt":{"rendered":"<p><strong><span style=\"vertical-align: inherit;\">Rollstuhllift<\/span><\/strong><\/p>\n<p><span style=\"vertical-align: inherit;\">Die Wheelcahair-Hebeb\u00fchne kann f\u00fcr private oder gewerbliche Anwendungen verwendet werden, um den Zugang \u00fcber Treppen zu erm\u00f6glichen.<\/span><\/p>\n","protected":false},"featured_media":993928,"comment_status":"open","ping_status":"closed","template":"","meta":[],"product_brand":[],"product_cat":[671],"product_tag":[],"class_list":{"0":"post-994563","1":"product","2":"type-product","3":"status-publish","4":"has-post-thumbnail","6":"product_cat-behindertenaufzug","8":"first","9":"instock","10":"shipping-taxable","11":"product-type-simple","12":"prodpage-style2"},"_links":{"self":[{"href":"https:\/\/isfelevator.com\/de\/wp-json\/wp\/v2\/product\/994563","targetHints":{"allow":["GET"]}}],"collection":[{"href":"https:\/\/isfelevator.com\/de\/wp-json\/wp\/v2\/product"}],"about":[{"href":"https:\/\/isfelevator.com\/de\/wp-json\/wp\/v2\/types\/product"}],"replies":[{"embeddable":true,"href":"https:\/\/isfelevator.com\/de\/wp-json\/wp\/v2\/comments?post=994563"}],"wp:featuredmedia":[{"embeddable":true,"href":"https:\/\/isfelevator.com\/de\/wp-json\/wp\/v2\/media\/993928"}],"wp:attachment":[{"href":"https:\/\/isfelevator.com\/de\/wp-json\/wp\/v2\/media?parent=994563"}],"wp:term":[{"taxonomy":"product_brand","embeddable":true,"href":"https:\/\/isfelevator.com\/de\/wp-json\/wp\/v2\/product_brand?post=994563"},{"taxonomy":"product_cat","embeddable":true,"href":"https:\/\/isfelevator.com\/de\/wp-json\/wp\/v2\/product_cat?post=994563"},{"taxonomy":"product_tag","embeddable":true,"href":"https:\/\/isfelevator.com\/de\/wp-json\/wp\/v2\/product_tag?post=994563"}],"curies":[{"name":"wp","href":"https:\/\/api.w.org\/{rel}","templated":true}]}}