{"id":994551,"date":"2023-02-24T13:08:59","date_gmt":"2023-02-24T13:08:59","guid":{"rendered":"https:\/\/isfelevator.com\/product\/counter-weight-frames\/"},"modified":"2023-02-24T20:02:12","modified_gmt":"2023-02-24T20:02:12","slug":"gegengewicht-rahmen","status":"publish","type":"product","link":"https:\/\/isfelevator.com\/de\/product\/gegengewicht-rahmen\/","title":{"rendered":"Gegengewicht-Rahmen"},"content":{"rendered":"<p><strong>Elevator Gegengewicht Frames<\/strong><\/p>\n<p><strong>Das Gegengewicht eines Aufzugs<\/strong> ist ein sehr wichtiges Element von Aufz\u00fcgen, um mehr Sicherheit und Effizienz zu gew\u00e4hrleisten. Das Prinzip ist sehr einfach. Aufz\u00fcge sind moderne Kabinen, die Menschen und G\u00fcter nach oben und unten bef\u00f6rdern. Und f\u00fcr diesen Prozess brauchen wir Kraft oder Energie. Wenn wir also die Hilfe eines Gegengewichts im Aufzugssystem nutzen, ben\u00f6tigen wir weniger Energie, um die Last zu heben. Und dank des traditionellen Flaschenzugprinzips ist der Einsatz von Aufz\u00fcgen effizienter.<\/p>\n<p>Also, <strong>was ist das Gegengewicht im Aufzug <\/strong>und dem Rahmen? Offensichtlich k\u00f6nnen wir keine <strong>Aufzug-Gegengewichtshardware<\/strong>\u00a0verwenden, die direkt am System befestigt ist. Um diesen Vorteil sicher nutzen zu k\u00f6nnen, brauchen wir ein spezielles System, das als <strong>Aufzugsgegengewichtsrahmen <\/strong>bezeichnet wird.<\/p>\n<p>Heute, nach all den Jahren der Entwicklung, werden die effizientesten Gegengewichte an den Aufzugssystemen angebracht. Als ISF Elevator Company bieten wir unseren Kunden qualitativ hochwertige Gegengewichtsrahmen f\u00fcr Aufz\u00fcge. Unsere Rahmen sind einfach zu installieren und 1:1 &amp; 2:1 Roping.<\/p>\n<p>&nbsp;<\/p>\n","protected":false},"excerpt":{"rendered":"<p>Counter Weight Frames mit einfacher Installation. 1:1 &amp; 2:1 Roping.<\/p>\n","protected":false},"featured_media":994036,"comment_status":"open","ping_status":"closed","template":"","meta":[],"product_brand":[],"product_cat":[677],"product_tag":[],"class_list":{"0":"post-994551","1":"product","2":"type-product","3":"status-publish","4":"has-post-thumbnail","6":"product_cat-aufzugkabinen","8":"first","9":"instock","10":"shipping-taxable","11":"product-type-simple","12":"prodpage-style2"},"_links":{"self":[{"href":"https:\/\/isfelevator.com\/de\/wp-json\/wp\/v2\/product\/994551","targetHints":{"allow":["GET"]}}],"collection":[{"href":"https:\/\/isfelevator.com\/de\/wp-json\/wp\/v2\/product"}],"about":[{"href":"https:\/\/isfelevator.com\/de\/wp-json\/wp\/v2\/types\/product"}],"replies":[{"embeddable":true,"href":"https:\/\/isfelevator.com\/de\/wp-json\/wp\/v2\/comments?post=994551"}],"wp:featuredmedia":[{"embeddable":true,"href":"https:\/\/isfelevator.com\/de\/wp-json\/wp\/v2\/media\/994036"}],"wp:attachment":[{"href":"https:\/\/isfelevator.com\/de\/wp-json\/wp\/v2\/media?parent=994551"}],"wp:term":[{"taxonomy":"product_brand","embeddable":true,"href":"https:\/\/isfelevator.com\/de\/wp-json\/wp\/v2\/product_brand?post=994551"},{"taxonomy":"product_cat","embeddable":true,"href":"https:\/\/isfelevator.com\/de\/wp-json\/wp\/v2\/product_cat?post=994551"},{"taxonomy":"product_tag","embeddable":true,"href":"https:\/\/isfelevator.com\/de\/wp-json\/wp\/v2\/product_tag?post=994551"}],"curies":[{"name":"wp","href":"https:\/\/api.w.org\/{rel}","templated":true}]}}