{"id":994539,"date":"2023-02-24T13:08:59","date_gmt":"2023-02-24T13:08:59","guid":{"rendered":"https:\/\/isfelevator.com\/product\/folding-doors-d-w-types\/"},"modified":"2023-02-24T19:44:37","modified_gmt":"2023-02-24T19:44:37","slug":"falttueren-d-w-typen","status":"publish","type":"product","link":"https:\/\/isfelevator.com\/de\/product\/falttueren-d-w-typen\/","title":{"rendered":"Faltt\u00fcren (D &#038; W Typen)"},"content":{"rendered":"<h4>Faltt\u00fcren (D &amp; W Typen)<\/h4>\n<p>Eine Faltt\u00fcr ist eine gro\u00dfartige L\u00f6sung, wenn Sie nur wenig Platz in Ihrer Aufzugskabine haben. Wir treffen sie vor allem bei Aufz\u00fcgen mit alter Technologie an, bei denen Innent\u00fcren nicht so sehr gesch\u00e4tzt wurden. Die beste M\u00f6glichkeit, eine Innent\u00fcr einzubauen und die Sicherheit bei diesen Aufz\u00fcgen zu gew\u00e4hrleisten, sind <strong>Faltt\u00fcren<\/strong> (D &amp; W-Typen). <strong>Faltt\u00fcren<\/strong> sind sehr einfach einzubauen und bieten das von den Vorschriften geforderte Sicherheitsniveau. Es gibt verschiedene Typen wie D oder W Formen. Als ISF k\u00f6nnen wir die am besten geeigneten Faltt\u00fcren f\u00fcr Ihre Projekte entwerfen und finden.<\/p>\n<p><strong>TECHNISCHE DATEN<\/strong><br \/>\n&#8211; 24 V DC B\u00fcrstenmotor<br \/>\n&#8211; Elektronische Blockierkontrolle<br \/>\n&#8211; Akkumulator und Fotozellensteuerung<br \/>\n&#8211; Kann mit 220 V AC und LIR betrieben werden<br \/>\n&#8211; M\u00f6glichkeit des Betriebs mit einem einzigen (Schlie\u00dfsignal)<br \/>\n&#8211; Einstellung des Kurzschlusses als NO\/NC<br \/>\n&#8211; Option Edelstahlschwelle<br \/>\n&#8211; Option Glasplatte<br \/>\n&#8211; Einbaul\u00fccke und Netto-Eingangsl\u00fccke (mm)<br \/>\n(650-575) \/ (700-625) \/ (750-675) \/&#8230;..\/ (950-875)<\/p>\n","protected":false},"excerpt":{"rendered":"<p>Faltt\u00fcren (D &amp; W Typen) Eine Faltt\u00fcr ist eine gro\u00dfartige L\u00f6sung, wenn Sie nur wenig Platz in Ihrer Aufzugskabine haben. Wir treffen sie vor allem bei Aufz\u00fcgen mit alter Technologie an, bei denen Innent\u00fcren nicht so sehr gesch\u00e4tzt wurden. Die beste M\u00f6glichkeit, eine Innent\u00fcr einzubauen und die Sicherheit bei diesen Aufz\u00fcgen zu gew\u00e4hrleisten, sind Faltt\u00fcren<\/p>\n","protected":false},"featured_media":994024,"comment_status":"open","ping_status":"closed","template":"","meta":[],"product_brand":[],"product_cat":[767],"product_tag":[],"class_list":{"0":"post-994539","1":"product","2":"type-product","3":"status-publish","4":"has-post-thumbnail","6":"product_cat-aufzugturen","8":"first","9":"instock","10":"shipping-taxable","11":"product-type-simple","12":"prodpage-style2"},"_links":{"self":[{"href":"https:\/\/isfelevator.com\/de\/wp-json\/wp\/v2\/product\/994539","targetHints":{"allow":["GET"]}}],"collection":[{"href":"https:\/\/isfelevator.com\/de\/wp-json\/wp\/v2\/product"}],"about":[{"href":"https:\/\/isfelevator.com\/de\/wp-json\/wp\/v2\/types\/product"}],"replies":[{"embeddable":true,"href":"https:\/\/isfelevator.com\/de\/wp-json\/wp\/v2\/comments?post=994539"}],"wp:featuredmedia":[{"embeddable":true,"href":"https:\/\/isfelevator.com\/de\/wp-json\/wp\/v2\/media\/994024"}],"wp:attachment":[{"href":"https:\/\/isfelevator.com\/de\/wp-json\/wp\/v2\/media?parent=994539"}],"wp:term":[{"taxonomy":"product_brand","embeddable":true,"href":"https:\/\/isfelevator.com\/de\/wp-json\/wp\/v2\/product_brand?post=994539"},{"taxonomy":"product_cat","embeddable":true,"href":"https:\/\/isfelevator.com\/de\/wp-json\/wp\/v2\/product_cat?post=994539"},{"taxonomy":"product_tag","embeddable":true,"href":"https:\/\/isfelevator.com\/de\/wp-json\/wp\/v2\/product_tag?post=994539"}],"curies":[{"name":"wp","href":"https:\/\/api.w.org\/{rel}","templated":true}]}}