{"id":994508,"date":"2023-02-24T13:09:23","date_gmt":"2023-02-24T13:09:23","guid":{"rendered":"https:\/\/isfelevator.com\/product\/ganymede-c7l-cabin-operating-panel\/"},"modified":"2023-02-24T19:07:53","modified_gmt":"2023-02-24T19:07:53","slug":"ganymede-c7l-kabinenbedienfeld","status":"publish","type":"product","link":"https:\/\/isfelevator.com\/de\/product\/ganymede-c7l-kabinenbedienfeld\/","title":{"rendered":"Ganymede &#8211; C7L Kabinenbedienfeld"},"content":{"rendered":"<p><strong>Ganymede &#8211; C7L Kabinenbedienfeld<\/strong><\/p>\n<ul>\n<li>Rahmen aus Gussmessing<\/li>\n<li>Bis zu 9 Kn\u00f6pfe<\/li>\n<li>Mittleres 2 mm Messingblech<\/li>\n<li>Kann mit LCD, Dot-Matrix und Auf- und Ab-Pfeilen verwendet werden<\/li>\n<li>167 x 480 mm<\/li>\n<li>9 mm Dicke<\/li>\n<li>LED-Optionen f\u00fcr wei\u00dfe, rote, gelbe, gr\u00fcne und blaue Tasten<\/li>\n<li>Patiniert Antik<\/li>\n<li>Aufputz montiert<\/li>\n<li>Eingelassene Wandstahlplatte auf der R\u00fcckseite, geeignet f\u00fcr Steinwand- und Paneelmontage<\/li>\n<li>Goldspiegelnde Tasten<\/li>\n<\/ul>\n","protected":false},"excerpt":{"rendered":"<p>Ganymede &#8211; C7L Kabinenbedienfeld<\/p>\n","protected":false},"featured_media":994120,"comment_status":"open","ping_status":"closed","template":"","meta":[],"product_brand":[],"product_cat":[809,834],"product_tag":[],"class_list":{"0":"post-994508","1":"product","2":"type-product","3":"status-publish","4":"has-post-thumbnail","6":"product_cat-aufzugseinrichtungen","7":"product_cat-vintage-serie-de","9":"first","10":"instock","11":"shipping-taxable","12":"product-type-simple","13":"prodpage-style2"},"_links":{"self":[{"href":"https:\/\/isfelevator.com\/de\/wp-json\/wp\/v2\/product\/994508","targetHints":{"allow":["GET"]}}],"collection":[{"href":"https:\/\/isfelevator.com\/de\/wp-json\/wp\/v2\/product"}],"about":[{"href":"https:\/\/isfelevator.com\/de\/wp-json\/wp\/v2\/types\/product"}],"replies":[{"embeddable":true,"href":"https:\/\/isfelevator.com\/de\/wp-json\/wp\/v2\/comments?post=994508"}],"wp:featuredmedia":[{"embeddable":true,"href":"https:\/\/isfelevator.com\/de\/wp-json\/wp\/v2\/media\/994120"}],"wp:attachment":[{"href":"https:\/\/isfelevator.com\/de\/wp-json\/wp\/v2\/media?parent=994508"}],"wp:term":[{"taxonomy":"product_brand","embeddable":true,"href":"https:\/\/isfelevator.com\/de\/wp-json\/wp\/v2\/product_brand?post=994508"},{"taxonomy":"product_cat","embeddable":true,"href":"https:\/\/isfelevator.com\/de\/wp-json\/wp\/v2\/product_cat?post=994508"},{"taxonomy":"product_tag","embeddable":true,"href":"https:\/\/isfelevator.com\/de\/wp-json\/wp\/v2\/product_tag?post=994508"}],"curies":[{"name":"wp","href":"https:\/\/api.w.org\/{rel}","templated":true}]}}