{"id":994462,"date":"2023-02-24T13:09:23","date_gmt":"2023-02-24T13:09:23","guid":{"rendered":"https:\/\/isfelevator.com\/product\/arl-700-elevator-control-panels\/"},"modified":"2023-02-24T18:29:13","modified_gmt":"2023-02-24T18:29:13","slug":"arl-700-aufzugsteuerungstafeln","status":"publish","type":"product","link":"https:\/\/isfelevator.com\/de\/product\/arl-700-aufzugsteuerungstafeln\/","title":{"rendered":"ARL 700 Aufzugsteuerungstafeln"},"content":{"rendered":"<p>ARL 700 Aufzugsteuerungstafeln<\/p>\n<ul>\n<li>Serielle Schaltschrankkommunikation \u00fcber CANbus-Leitung<\/li>\n<li>Die Eins-zu-Eins-Verbindung mit dem steckbaren Flachkabel zwischen Bedienfeld und Revisionsbox<\/li>\n<li>Die Plug-and-Play-Verbindung zwischen Schrankbedienfeld und Revisionsbox mit einem steckbaren Einzelkabel<\/li>\n<li>Serielle Kommunikation \u00fcber CANbus-Leitung oder parallele Bodenverbindung mit MSP16-Karte<\/li>\n<li>Schacht-CANbus-Leitung, die sich \u00fcber den gesamten Schacht erstreckt, mit Steckkabeln von Etage zu Etage<\/li>\n<li>Steckbare Verbindung mit einem steckbaren Kabel, das an der CANbus-Leitung f\u00fcr jedes Stockwerk angeschlossen ist, f\u00fcr das Stockwerkspanel<\/li>\n<li>T\u00fcrkontaktinstallation, die sich \u00fcber den gesamten Schacht erstreckt, mit Steckkabeln von Etage zu Etage<\/li>\n<li>Verbindung mit Steckkabeln f\u00fcr Boden-T\u00fcr-Kontaktanlage f\u00fcr Bodent\u00fcr-Steckkontakte<\/li>\n<li>Steckbare Verbindung mit Unterflurkasten \u00fcber ein einziges Kabel<\/li>\n<li>Unabh\u00e4ngige T\u00fcrsteuerung nach Anschl\u00e4gen mit doppelter T\u00fcrunterst\u00fctzung<\/li>\n<li>R\u00fcckgewinnung im Boden in der einfachen Richtung mit 1 Phase 220VAC USV oder Batteriegruppenanschluss<\/li>\n<li>Arbeiten mit hydraulischen und anderen VVVF-Antrieben mit HSR-Kartentafeln<\/li>\n<\/ul>\n","protected":false},"excerpt":{"rendered":"<div class=\"citem\">\n<div class=\"cbox01 key ff-03\">\n<div class=\"cbox01A\">\n<p>Einhaltung der Normen: En 81\/1-2\/20+A3<\/p>\n<p>Anzahl der Haltestellen: 64 Haltestellen<\/p>\n<p>Art der Steuerung: Einzelknopf Pickup Doppelknopf Pickup<\/p>\n<p>Antriebstyp: Hydraulisch, VVVF<\/p>\n<p>Elevator Geschwindigkeit (Maximum): 2,5 m\/sec<\/p>\n<p>Gruppensteuerung: 8<\/p>\n<p>Serielle Kommunikation: Boden und Kabine<\/p>\n<p>Informationen zur Kabinenposition: Magnetschalter, Encoder-System<\/p>\n<p>Automatische T\u00fcrsteuerung: Einzelt\u00fcr, Doppelt\u00fcr<\/p>\n<p>T\u00fcr\u00fcberbr\u00fcckung: Verf\u00fcgbar<\/p>\n<p>Display-Ausg\u00e4nge: 7 Segmente, Gray\/Binary Code LCD-Ausgang<\/p>\n<p>Sprachoptionen: T\u00fcrkisch, Englisch (zus\u00e4tzliche Sprachoption mit Arem Handterminal)<\/p>\n<\/div>\n<\/div>\n<\/div>\n","protected":false},"featured_media":994084,"comment_status":"open","ping_status":"closed","template":"","meta":[],"product_brand":[],"product_cat":[737],"product_tag":[],"class_list":{"0":"post-994462","1":"product","2":"type-product","3":"status-publish","4":"has-post-thumbnail","6":"product_cat-aufzugsteuerungspanels","8":"first","9":"instock","10":"shipping-taxable","11":"product-type-simple","12":"prodpage-style2"},"_links":{"self":[{"href":"https:\/\/isfelevator.com\/de\/wp-json\/wp\/v2\/product\/994462","targetHints":{"allow":["GET"]}}],"collection":[{"href":"https:\/\/isfelevator.com\/de\/wp-json\/wp\/v2\/product"}],"about":[{"href":"https:\/\/isfelevator.com\/de\/wp-json\/wp\/v2\/types\/product"}],"replies":[{"embeddable":true,"href":"https:\/\/isfelevator.com\/de\/wp-json\/wp\/v2\/comments?post=994462"}],"wp:featuredmedia":[{"embeddable":true,"href":"https:\/\/isfelevator.com\/de\/wp-json\/wp\/v2\/media\/994084"}],"wp:attachment":[{"href":"https:\/\/isfelevator.com\/de\/wp-json\/wp\/v2\/media?parent=994462"}],"wp:term":[{"taxonomy":"product_brand","embeddable":true,"href":"https:\/\/isfelevator.com\/de\/wp-json\/wp\/v2\/product_brand?post=994462"},{"taxonomy":"product_cat","embeddable":true,"href":"https:\/\/isfelevator.com\/de\/wp-json\/wp\/v2\/product_cat?post=994462"},{"taxonomy":"product_tag","embeddable":true,"href":"https:\/\/isfelevator.com\/de\/wp-json\/wp\/v2\/product_tag?post=994462"}],"curies":[{"name":"wp","href":"https:\/\/api.w.org\/{rel}","templated":true}]}}