{"id":994450,"date":"2023-02-24T13:09:23","date_gmt":"2023-02-24T13:09:23","guid":{"rendered":"https:\/\/isfelevator.com\/product\/arcube-monoblock-lift-control-unit\/"},"modified":"2023-02-24T18:09:21","modified_gmt":"2023-02-24T18:09:21","slug":"arcube-monoblock-aufzugssteuerung","status":"publish","type":"product","link":"https:\/\/isfelevator.com\/de\/product\/arcube-monoblock-aufzugssteuerung\/","title":{"rendered":"ARCUBE Monoblock-Aufzugssteuerung"},"content":{"rendered":"<p>ARCUBE Monoblock-Aufzugssteuerung<\/p>\n<ul>\n<li>Kombiniert VVVF-Antriebseinheit, Steuerplatine, Rettungsfunktion und andere elektrische Komponenten in einer einzigen<\/li>\n<li>Monoblock-Einheit<\/li>\n<li>Sch\u00fctzlose Konstruktion mit STO-Funktion<\/li>\n<li>Klein, leicht und einbaufertig<\/li>\n<li>Kompatibel mit EN81-20-Normen<\/li>\n<li>Geringere Kosten durch weniger Kabelverlegung<\/li>\n<li>Direkte Landung<\/li>\n<li>Kann mit synchronen und asynchronen Maschinen arbeiten<\/li>\n<li>F\u00e4higkeit, im offenen und geschlossenen Kreislauf zu arbeiten<\/li>\n<li>Zuverl\u00e4ssig und industrialisiert<\/li>\n<li>Energieeinsparung<\/li>\n<\/ul>\n","protected":false},"excerpt":{"rendered":"<div class=\"citem\">\n<div class=\"cbox01 key ff-03\">\n<div class=\"cbox01A\">Anzahl der Haltestellen: 16<br \/>\nAntriebsart: Traktion<br \/>\nVerkabelung: Serielle oder parallele Anschlussm\u00f6glichkeiten mit LOP&#8217;s und COP&#8217;s Arcode-kompatiblen seriellen Kommunikationseinheiten<br \/>\nFahrkorb-Positionierung: Magnetische Schalter oder Motor-Encoder<br \/>\nT\u00fcr\u00fcberbr\u00fcckung: Verf\u00fcgbar<br \/>\nModelle: 4 kW (10A) &#8211; 5,5 kW (14A) &#8211; 7,5 kW (17A) &#8211; 11 kW (26A)<br \/>\nSteuerungstyp: Einzeltaste kollektiv, Doppeltaste kollektiv<br \/>\nGruppensteuerung: Duplex<br \/>\nAufzugsgeschwindigkeit: 1,75 m\/s<br \/>\nMotorantrieb Typ: Sch\u00fctzloser Antrieb mit STO-Funktion<br \/>\nEinhaltung der Normen: EN 81-20<br \/>\nR\u00fccklaufsperre: R\u00fccklaufsperre beim Start durch Pre-Torque- und Anti-Rollback-Funktionen<\/div>\n<\/div>\n<\/div>\n","protected":false},"featured_media":994078,"comment_status":"open","ping_status":"closed","template":"","meta":[],"product_brand":[],"product_cat":[737],"product_tag":[],"class_list":{"0":"post-994450","1":"product","2":"type-product","3":"status-publish","4":"has-post-thumbnail","6":"product_cat-aufzugsteuerungspanels","8":"first","9":"instock","10":"shipping-taxable","11":"product-type-simple","12":"prodpage-style2"},"_links":{"self":[{"href":"https:\/\/isfelevator.com\/de\/wp-json\/wp\/v2\/product\/994450","targetHints":{"allow":["GET"]}}],"collection":[{"href":"https:\/\/isfelevator.com\/de\/wp-json\/wp\/v2\/product"}],"about":[{"href":"https:\/\/isfelevator.com\/de\/wp-json\/wp\/v2\/types\/product"}],"replies":[{"embeddable":true,"href":"https:\/\/isfelevator.com\/de\/wp-json\/wp\/v2\/comments?post=994450"}],"wp:featuredmedia":[{"embeddable":true,"href":"https:\/\/isfelevator.com\/de\/wp-json\/wp\/v2\/media\/994078"}],"wp:attachment":[{"href":"https:\/\/isfelevator.com\/de\/wp-json\/wp\/v2\/media?parent=994450"}],"wp:term":[{"taxonomy":"product_brand","embeddable":true,"href":"https:\/\/isfelevator.com\/de\/wp-json\/wp\/v2\/product_brand?post=994450"},{"taxonomy":"product_cat","embeddable":true,"href":"https:\/\/isfelevator.com\/de\/wp-json\/wp\/v2\/product_cat?post=994450"},{"taxonomy":"product_tag","embeddable":true,"href":"https:\/\/isfelevator.com\/de\/wp-json\/wp\/v2\/product_tag?post=994450"}],"curies":[{"name":"wp","href":"https:\/\/api.w.org\/{rel}","templated":true}]}}