{"id":994438,"date":"2023-02-24T13:09:23","date_gmt":"2023-02-24T13:09:23","guid":{"rendered":"https:\/\/isfelevator.com\/product\/elevator-car-frames\/"},"modified":"2023-02-24T17:57:24","modified_gmt":"2023-02-24T17:57:24","slug":"rahmen-fuer-aufzugskabinen","status":"publish","type":"product","link":"https:\/\/isfelevator.com\/de\/product\/rahmen-fuer-aufzugskabinen\/","title":{"rendered":"Rahmen f\u00fcr Aufzugskabinen"},"content":{"rendered":"<p><strong>Rahmen f\u00fcr Aufzugskabinen<\/strong><\/p>\n<p>Der Aufzugskabinenrahmen ist einer der wichtigsten und entscheidendsten Teile des Aufzugssystems. Er ist eine tragende Struktur f\u00fcr die Aufzugskabine und die T\u00fcr. Im Allgemeinen sind sie aus Stahl gefertigt. Der Hauptzweck der Rahmen ist es, die Sicherheit des Aufzugs zu gew\u00e4hrleisten. Alle elektrischen Verbindungen der Fangvorrichtung sind mit den Kabinenrahmen verbunden. Im Falle einer \u00dcbergeschwindigkeit oder eines freien Falls der Kabine schaltet die Fangvorrichtung den Strom ab, und der Kabinenrahmen sorgt daf\u00fcr, dass die Kabine zum Stillstand kommt.<\/p>\n<p>Bei ISF Elevator bieten wir Kabinenrahmen von h\u00f6chster Qualit\u00e4t. Unsere Stahlrahmen sind f\u00fcr den Einsatz unter schwierigen Bedingungen getestet und qualifiziert. F\u00fcr weitere Informationen nehmen Sie bitte Kontakt mit uns auf.<\/p>\n<p><strong>Technische Daten<\/strong><\/p>\n<p>Einfacher Einbau<br \/>\nESP lackiert<br \/>\nKompatibel mit 1:1 &amp; 2:1 Roping<\/p>\n","protected":false},"excerpt":{"rendered":"<p>Rahmen f\u00fcr Aufzugskabinen Der Aufzugskabinenrahmen ist einer der wichtigsten und entscheidendsten Teile des Aufzugssystems. Er ist eine tragende Struktur f\u00fcr die Aufzugskabine und die T\u00fcr. Im Allgemeinen sind sie aus Stahl gefertigt. Der Hauptzweck der Rahmen ist es, die Sicherheit des Aufzugs zu gew\u00e4hrleisten. Alle elektrischen Verbindungen der Fangvorrichtung sind mit den Kabinenrahmen verbunden. Im<\/p>\n","protected":false},"featured_media":994048,"comment_status":"open","ping_status":"closed","template":"","meta":[],"product_brand":[],"product_cat":[677],"product_tag":[],"class_list":{"0":"post-994438","1":"product","2":"type-product","3":"status-publish","4":"has-post-thumbnail","6":"product_cat-aufzugkabinen","8":"first","9":"instock","10":"shipping-taxable","11":"product-type-simple","12":"prodpage-style2"},"_links":{"self":[{"href":"https:\/\/isfelevator.com\/de\/wp-json\/wp\/v2\/product\/994438","targetHints":{"allow":["GET"]}}],"collection":[{"href":"https:\/\/isfelevator.com\/de\/wp-json\/wp\/v2\/product"}],"about":[{"href":"https:\/\/isfelevator.com\/de\/wp-json\/wp\/v2\/types\/product"}],"replies":[{"embeddable":true,"href":"https:\/\/isfelevator.com\/de\/wp-json\/wp\/v2\/comments?post=994438"}],"wp:featuredmedia":[{"embeddable":true,"href":"https:\/\/isfelevator.com\/de\/wp-json\/wp\/v2\/media\/994048"}],"wp:attachment":[{"href":"https:\/\/isfelevator.com\/de\/wp-json\/wp\/v2\/media?parent=994438"}],"wp:term":[{"taxonomy":"product_brand","embeddable":true,"href":"https:\/\/isfelevator.com\/de\/wp-json\/wp\/v2\/product_brand?post=994438"},{"taxonomy":"product_cat","embeddable":true,"href":"https:\/\/isfelevator.com\/de\/wp-json\/wp\/v2\/product_cat?post=994438"},{"taxonomy":"product_tag","embeddable":true,"href":"https:\/\/isfelevator.com\/de\/wp-json\/wp\/v2\/product_tag?post=994438"}],"curies":[{"name":"wp","href":"https:\/\/api.w.org\/{rel}","templated":true}]}}