{"id":994426,"date":"2023-02-24T13:09:57","date_gmt":"2023-02-24T13:09:57","guid":{"rendered":"https:\/\/isfelevator.com\/product\/callisto-l1-landing-operating-panel\/"},"modified":"2023-02-24T17:47:46","modified_gmt":"2023-02-24T17:47:46","slug":"callisto-l1-landung-bedienfeld","status":"publish","type":"product","link":"https:\/\/isfelevator.com\/de\/product\/callisto-l1-landung-bedienfeld\/","title":{"rendered":"Callisto &#8211; L1 Landung Bedienfeld"},"content":{"rendered":"<p><strong>Callisto &#8211; L1 Landung Bedienfeld<\/strong><\/p>\n<ul>\n<li>Rahmen aus Gussmessing<\/li>\n<li>Bis zu 2 Kn\u00f6pfe<\/li>\n<li>Mittleres 2 mm Messingblech<\/li>\n<li>Kann verwendet werden Dot-Matrix, Up &amp; Down Pfeile<\/li>\n<li>96 x 197 mm<\/li>\n<li>9 mm Dicke<\/li>\n<li>LED-Optionen f\u00fcr wei\u00dfe, rote, gelbe, gr\u00fcne und blaue Tasten<\/li>\n<li>Patiniert Antik<\/li>\n<li>Aufputz montiert<\/li>\n<li>Eingelassene Wandstahlplatte auf der R\u00fcckseite, geeignet f\u00fcr Steinwand- und Paneelmontage<\/li>\n<li>Goldspiegelnde Tasten<\/li>\n<\/ul>\n","protected":false},"excerpt":{"rendered":"<p>Callisto &#8211; L1 Landung Bedienfeld<\/p>\n","protected":false},"featured_media":994144,"comment_status":"open","ping_status":"closed","template":"","meta":[],"product_brand":[],"product_cat":[809,834],"product_tag":[],"class_list":{"0":"post-994426","1":"product","2":"type-product","3":"status-publish","4":"has-post-thumbnail","6":"product_cat-aufzugseinrichtungen","7":"product_cat-vintage-serie-de","9":"first","10":"instock","11":"shipping-taxable","12":"product-type-simple","13":"prodpage-style2"},"_links":{"self":[{"href":"https:\/\/isfelevator.com\/de\/wp-json\/wp\/v2\/product\/994426","targetHints":{"allow":["GET"]}}],"collection":[{"href":"https:\/\/isfelevator.com\/de\/wp-json\/wp\/v2\/product"}],"about":[{"href":"https:\/\/isfelevator.com\/de\/wp-json\/wp\/v2\/types\/product"}],"replies":[{"embeddable":true,"href":"https:\/\/isfelevator.com\/de\/wp-json\/wp\/v2\/comments?post=994426"}],"wp:featuredmedia":[{"embeddable":true,"href":"https:\/\/isfelevator.com\/de\/wp-json\/wp\/v2\/media\/994144"}],"wp:attachment":[{"href":"https:\/\/isfelevator.com\/de\/wp-json\/wp\/v2\/media?parent=994426"}],"wp:term":[{"taxonomy":"product_brand","embeddable":true,"href":"https:\/\/isfelevator.com\/de\/wp-json\/wp\/v2\/product_brand?post=994426"},{"taxonomy":"product_cat","embeddable":true,"href":"https:\/\/isfelevator.com\/de\/wp-json\/wp\/v2\/product_cat?post=994426"},{"taxonomy":"product_tag","embeddable":true,"href":"https:\/\/isfelevator.com\/de\/wp-json\/wp\/v2\/product_tag?post=994426"}],"curies":[{"name":"wp","href":"https:\/\/api.w.org\/{rel}","templated":true}]}}