{"id":994402,"date":"2023-02-24T13:09:58","date_gmt":"2023-02-24T13:09:58","guid":{"rendered":"https:\/\/isfelevator.com\/product\/load-weighing-device\/"},"modified":"2023-02-24T16:38:18","modified_gmt":"2023-02-24T16:38:18","slug":"waagegeraet","status":"publish","type":"product","link":"https:\/\/isfelevator.com\/de\/product\/waagegeraet\/","title":{"rendered":"Waageger\u00e4t"},"content":{"rendered":"<p>Diese Ger\u00e4te sind auch sehr wichtig f\u00fcr die Sicherheit von Aufz\u00fcgen. Aufzugssysteme haben eine bestimmte Grenze, um auf einer Reise zu tragen. Daher m\u00fcssen wir ein Element zur Messung der Last verwenden, das ein Lastwiegeger\u00e4t ist.<\/p>\n","protected":false},"excerpt":{"rendered":"<p>UNIVERSALE ELEKTRONISCHE STEUEREINHEIT Die LM3D universelle Steuereinheit ist die umfassendste Steuereinheit, die alle m\u00f6glichen Optionen zur Steuerung der Last in Aufz\u00fcgen und Liften bietet.<\/p>\n","protected":false},"featured_media":994168,"comment_status":"open","ping_status":"closed","template":"","meta":[],"product_brand":[],"product_cat":[647],"product_tag":[],"class_list":{"0":"post-994402","1":"product","2":"type-product","3":"status-publish","4":"has-post-thumbnail","6":"product_cat-lastwaagen","8":"first","9":"instock","10":"shipping-taxable","11":"product-type-simple","12":"prodpage-style2"},"_links":{"self":[{"href":"https:\/\/isfelevator.com\/de\/wp-json\/wp\/v2\/product\/994402","targetHints":{"allow":["GET"]}}],"collection":[{"href":"https:\/\/isfelevator.com\/de\/wp-json\/wp\/v2\/product"}],"about":[{"href":"https:\/\/isfelevator.com\/de\/wp-json\/wp\/v2\/types\/product"}],"replies":[{"embeddable":true,"href":"https:\/\/isfelevator.com\/de\/wp-json\/wp\/v2\/comments?post=994402"}],"wp:featuredmedia":[{"embeddable":true,"href":"https:\/\/isfelevator.com\/de\/wp-json\/wp\/v2\/media\/994168"}],"wp:attachment":[{"href":"https:\/\/isfelevator.com\/de\/wp-json\/wp\/v2\/media?parent=994402"}],"wp:term":[{"taxonomy":"product_brand","embeddable":true,"href":"https:\/\/isfelevator.com\/de\/wp-json\/wp\/v2\/product_brand?post=994402"},{"taxonomy":"product_cat","embeddable":true,"href":"https:\/\/isfelevator.com\/de\/wp-json\/wp\/v2\/product_cat?post=994402"},{"taxonomy":"product_tag","embeddable":true,"href":"https:\/\/isfelevator.com\/de\/wp-json\/wp\/v2\/product_tag?post=994402"}],"curies":[{"name":"wp","href":"https:\/\/api.w.org\/{rel}","templated":true}]}}