{"id":994390,"date":"2023-02-24T13:09:58","date_gmt":"2023-02-24T13:09:58","guid":{"rendered":"https:\/\/isfelevator.com\/product\/himalia-l1-landing-operating-panel\/"},"modified":"2023-02-24T16:25:27","modified_gmt":"2023-02-24T16:25:27","slug":"himalia-l1-landebedienfeld","status":"publish","type":"product","link":"https:\/\/isfelevator.com\/de\/product\/himalia-l1-landebedienfeld\/","title":{"rendered":"Himalia &#8211; L1 Landebedienfeld"},"content":{"rendered":"<p><strong>Himalia &#8211; L1 Landebedienfeld<\/strong><\/p>\n<ul>\n<li>Gussmessingrahmen<\/li>\n<li>Bis zu 2 Tasten<\/li>\n<li>Mittleres 2 mm Messingblech<\/li>\n<li>Kann mit Dot-Matrix und Auf- und Ab-Pfeilen verwendet werden<\/li>\n<li>140 x 200 mm<\/li>\n<li>11 mm Dicke<\/li>\n<li>Optionen f\u00fcr wei\u00dfe, rote, gelbe, gr\u00fcne und blaue Knopf-LEDs<\/li>\n<li>Patiniert antik<\/li>\n<li>Oberfl\u00e4chenmontage<\/li>\n<li>Eingesetzte Wandstahlplatte auf der R\u00fcckseite geeignet f\u00fcr Steinwand- und Paneelmontage<\/li>\n<li>Goldspiegel-Finish-Tasten<\/li>\n<\/ul>\n","protected":false},"excerpt":{"rendered":"<p>Himalia &#8211; L1 Landebedienfeld<\/p>\n","protected":false},"featured_media":994156,"comment_status":"open","ping_status":"closed","template":"","meta":[],"product_brand":[],"product_cat":[809,834],"product_tag":[],"class_list":{"0":"post-994390","1":"product","2":"type-product","3":"status-publish","4":"has-post-thumbnail","6":"product_cat-aufzugseinrichtungen","7":"product_cat-vintage-serie-de","9":"first","10":"instock","11":"shipping-taxable","12":"product-type-simple","13":"prodpage-style2"},"_links":{"self":[{"href":"https:\/\/isfelevator.com\/de\/wp-json\/wp\/v2\/product\/994390","targetHints":{"allow":["GET"]}}],"collection":[{"href":"https:\/\/isfelevator.com\/de\/wp-json\/wp\/v2\/product"}],"about":[{"href":"https:\/\/isfelevator.com\/de\/wp-json\/wp\/v2\/types\/product"}],"replies":[{"embeddable":true,"href":"https:\/\/isfelevator.com\/de\/wp-json\/wp\/v2\/comments?post=994390"}],"wp:featuredmedia":[{"embeddable":true,"href":"https:\/\/isfelevator.com\/de\/wp-json\/wp\/v2\/media\/994156"}],"wp:attachment":[{"href":"https:\/\/isfelevator.com\/de\/wp-json\/wp\/v2\/media?parent=994390"}],"wp:term":[{"taxonomy":"product_brand","embeddable":true,"href":"https:\/\/isfelevator.com\/de\/wp-json\/wp\/v2\/product_brand?post=994390"},{"taxonomy":"product_cat","embeddable":true,"href":"https:\/\/isfelevator.com\/de\/wp-json\/wp\/v2\/product_cat?post=994390"},{"taxonomy":"product_tag","embeddable":true,"href":"https:\/\/isfelevator.com\/de\/wp-json\/wp\/v2\/product_tag?post=994390"}],"curies":[{"name":"wp","href":"https:\/\/api.w.org\/{rel}","templated":true}]}}